{"id":21,"date":"2022-02-02T11:03:46","date_gmt":"2022-02-02T11:03:46","guid":{"rendered":"https:\/\/quadrantsport.com\/?page_id=21"},"modified":"2022-04-13T11:31:47","modified_gmt":"2022-04-13T11:31:47","slug":"about-us","status":"publish","type":"page","link":"https:\/\/quadrantsport.com\/fr\/about-us\/","title":{"rendered":"\u00c0 Propos de Nous"},"content":{"rendered":"<p><span>Notre site est un site d&#8217;information sp\u00e9cialis\u00e9 dans la jouissance d&#8217;un mode de vie actif au moyen d&#8217;\u00a0 activit\u00e9s\u00a0<\/span><strong><em><span>sportives<\/span><\/em><\/strong><span>\u00a0\u00a0et\u00a0\u00a0<\/span><em><strong><span>de plein air<\/span><\/strong><\/em><span>\u00a0.<\/span><\/p>\n<p><span>Il a \u00e9t\u00e9 con\u00e7u dans le but de devenir un guide exceptionnel pour les personnes int\u00e9ress\u00e9es par le sport et le fitness et les tendances du style de vie en plein air.<\/span><\/p>\n<p><span>Le blog propose des conseils classiques et des informations utiles sur les derni\u00e8res tendances en mati\u00e8re de<\/span><\/p>\n<p><strong><span class=\"goog-text-highlight\"><span>Activit\u00e9s sportives et de plein air<\/span><\/span><\/strong><\/p>\n","protected":false},"excerpt":{"rendered":"<p>Notre site est un site d&#8217;information sp\u00e9cialis\u00e9 dans la jouissance d&#8217;un mode de vie actif au moyen d&#8217;\u00a0 activit\u00e9s\u00a0sportives\u00a0\u00a0et\u00a0\u00a0de plein air\u00a0. Il a \u00e9t\u00e9 con\u00e7u dans le but de devenir&hellip;<\/p>\n","protected":false},"author":1,"featured_media":0,"parent":0,"menu_order":0,"comment_status":"closed","ping_status":"closed","template":"","meta":{"footnotes":""},"class_list":["post-21","page","type-page","status-publish"],"_links":{"self":[{"href":"https:\/\/quadrantsport.com\/fr\/wp-json\/wp\/v2\/pages\/21","targetHints":{"allow":["GET"]}}],"collection":[{"href":"https:\/\/quadrantsport.com\/fr\/wp-json\/wp\/v2\/pages"}],"about":[{"href":"https:\/\/quadrantsport.com\/fr\/wp-json\/wp\/v2\/types\/page"}],"author":[{"embeddable":true,"href":"https:\/\/quadrantsport.com\/fr\/wp-json\/wp\/v2\/users\/1"}],"replies":[{"embeddable":true,"href":"https:\/\/quadrantsport.com\/fr\/wp-json\/wp\/v2\/comments?post=21"}],"version-history":[{"count":4,"href":"https:\/\/quadrantsport.com\/fr\/wp-json\/wp\/v2\/pages\/21\/revisions"}],"predecessor-version":[{"id":436,"href":"https:\/\/quadrantsport.com\/fr\/wp-json\/wp\/v2\/pages\/21\/revisions\/436"}],"wp:attachment":[{"href":"https:\/\/quadrantsport.com\/fr\/wp-json\/wp\/v2\/media?parent=21"}],"curies":[{"name":"wp","href":"https:\/\/api.w.org\/{rel}","templated":true}]}}